{"id":892,"date":"2021-03-14T15:16:32","date_gmt":"2021-03-14T14:16:32","guid":{"rendered":"http:\/\/www.fensterbau-esser.de\/?page_id=892"},"modified":"2021-03-15T19:34:56","modified_gmt":"2021-03-15T18:34:56","slug":"haustuerenkonfigurator","status":"publish","type":"page","link":"http:\/\/www.fensterbau-esser.de\/?page_id=892","title":{"rendered":"Haust\u00fcrenkonfigurator"},"content":{"rendered":"\t\t<div data-elementor-type=\"wp-page\" data-elementor-id=\"892\" class=\"elementor elementor-892\" data-elementor-settings=\"[]\">\n\t\t\t\t\t\t\t<div class=\"elementor-section-wrap\">\n\t\t\t\t\t\t\t<section class=\"elementor-section elementor-top-section elementor-element elementor-element-63dd008a elementor-section-stretched elementor-section-full_width elementor-section-height-min-height elementor-section-items-stretch elementor-section-height-default\" data-id=\"63dd008a\" data-element_type=\"section\" data-settings=\"{&quot;stretch_section&quot;:&quot;section-stretched&quot;,&quot;background_background&quot;:&quot;classic&quot;}\">\n\t\t\t\t\t\t\t<div class=\"elementor-background-overlay\"><\/div>\n\t\t\t\t\t\t\t<div class=\"elementor-container elementor-column-gap-default\">\n\t\t\t\t\t<div class=\"elementor-column elementor-col-100 elementor-top-column elementor-element elementor-element-7330a6eb\" data-id=\"7330a6eb\" data-element_type=\"column\" data-settings=\"{&quot;background_background&quot;:&quot;classic&quot;}\">\n\t\t\t<div class=\"elementor-widget-wrap elementor-element-populated\">\n\t\t\t\t\t\t\t\t<div class=\"elementor-element elementor-element-2e4fd111 elementor-widget elementor-widget-spacer\" data-id=\"2e4fd111\" data-element_type=\"widget\" data-widget_type=\"spacer.default\">\n\t\t\t\t<div class=\"elementor-widget-container\">\n\t\t\t\t\t<div class=\"elementor-spacer\">\n\t\t\t<div class=\"elementor-spacer-inner\"><\/div>\n\t\t<\/div>\n\t\t\t\t<\/div>\n\t\t\t\t<\/div>\n\t\t\t\t\t<\/div>\n\t\t<\/div>\n\t\t\t\t\t\t\t<\/div>\n\t\t<\/section>\n\t\t\t\t<section class=\"elementor-section elementor-top-section elementor-element elementor-element-5c4e7e2d elementor-section-boxed elementor-section-height-default elementor-section-height-default\" data-id=\"5c4e7e2d\" data-element_type=\"section\" data-settings=\"{&quot;background_background&quot;:&quot;classic&quot;}\">\n\t\t\t\t\t\t<div class=\"elementor-container elementor-column-gap-default\">\n\t\t\t\t\t<div class=\"elementor-column elementor-col-100 elementor-top-column elementor-element elementor-element-a57302a\" data-id=\"a57302a\" data-element_type=\"column\">\n\t\t\t<div class=\"elementor-widget-wrap elementor-element-populated\">\n\t\t\t\t\t\t\t\t<div class=\"elementor-element elementor-element-48d39a68 elementor-invisible elementor-widget elementor-widget-heading\" data-id=\"48d39a68\" data-element_type=\"widget\" data-settings=\"{&quot;_animation&quot;:&quot;fadeInLeft&quot;,&quot;_animation_delay&quot;:300}\" data-widget_type=\"heading.default\">\n\t\t\t\t<div class=\"elementor-widget-container\">\n\t\t\t<h1 class=\"elementor-heading-title elementor-size-default\">Haust\u00fcren Konfigurator<\/h1>\t\t<\/div>\n\t\t\t\t<\/div>\n\t\t\t\t\t<\/div>\n\t\t<\/div>\n\t\t\t\t\t\t\t<\/div>\n\t\t<\/section>\n\t\t\t\t<section class=\"elementor-section elementor-top-section elementor-element elementor-element-67dddec elementor-section-boxed elementor-section-height-default elementor-section-height-default\" data-id=\"67dddec\" data-element_type=\"section\" data-settings=\"{&quot;background_background&quot;:&quot;classic&quot;}\">\n\t\t\t\t\t\t\t<div class=\"elementor-background-overlay\"><\/div>\n\t\t\t\t\t\t\t<div class=\"elementor-container elementor-column-gap-default\">\n\t\t\t\t\t<div class=\"elementor-column elementor-col-50 elementor-top-column elementor-element elementor-element-7f4f840\" data-id=\"7f4f840\" data-element_type=\"column\">\n\t\t\t<div class=\"elementor-widget-wrap elementor-element-populated\">\n\t\t\t\t\t\t\t\t<div class=\"elementor-element elementor-element-64082cf elementor-widget elementor-widget-image\" data-id=\"64082cf\" data-element_type=\"widget\" data-widget_type=\"image.default\">\n\t\t\t\t<div class=\"elementor-widget-container\">\n\t\t\t\t\t<div class=\"elementor-image\">\n\t\t\t\t\t\t\t\t\t\t<img loading=\"lazy\" decoding=\"async\" width=\"540\" height=\"210\" src=\"http:\/\/www.fensterbau-esser.de\/wp-content\/uploads\/2021\/03\/haustuerenkonfigurator-button.jpg\" class=\"attachment-full size-full\" alt=\"\" srcset=\"http:\/\/www.fensterbau-esser.de\/wp-content\/uploads\/2021\/03\/haustuerenkonfigurator-button.jpg 540w, http:\/\/www.fensterbau-esser.de\/wp-content\/uploads\/2021\/03\/haustuerenkonfigurator-button-300x117.jpg 300w\" sizes=\"auto, (max-width: 540px) 100vw, 540px\" \/>\t\t\t\t\t\t\t\t\t\t\t<\/div>\n\t\t\t\t<\/div>\n\t\t\t\t<\/div>\n\t\t\t\t<div class=\"elementor-element elementor-element-9edf3fb elementor-widget elementor-widget-html\" data-id=\"9edf3fb\" data-element_type=\"widget\" data-widget_type=\"html.default\">\n\t\t\t\t<div class=\"elementor-widget-container\">\n\t\t\t<script src=\"https:\/\/apps.elfsight.com\/p\/platform.js\" defer><\/script>\r\n<div class=\"elfsight-app-a1c9122b-2415-4250-a85e-66a711c388b3\"><\/div>\t\t<\/div>\n\t\t\t\t<\/div>\n\t\t\t\t\t<\/div>\n\t\t<\/div>\n\t\t\t\t<div class=\"elementor-column elementor-col-50 elementor-top-column elementor-element elementor-element-a1418d7\" data-id=\"a1418d7\" data-element_type=\"column\">\n\t\t\t<div class=\"elementor-widget-wrap elementor-element-populated\">\n\t\t\t\t\t\t\t\t<div class=\"elementor-element elementor-element-8d89e09 elementor-widget elementor-widget-text-editor\" data-id=\"8d89e09\" data-element_type=\"widget\" data-widget_type=\"text-editor.default\">\n\t\t\t\t<div class=\"elementor-widget-container\">\n\t\t\t\t\t<div class=\"elementor-text-editor elementor-clearfix\"><div class=\"elementStandard elementContent elementText elementText_var0\"><p>Stellen Sie sich selber Ihre eigene Haust\u00fcr zusammen. W\u00e4hlen Sie die Komponenten, die f\u00fcr Sie interessant sind und entdecken Sie die vielen M\u00f6glichkeiten des Haust\u00fcren Konfigurators.<br \/>Oberfl\u00e4chen und Farbm\u00f6glichkeiten gem\u00e4\u00df unserem Lieferprogramm.<br \/>Schauen Sie sich dazu unsere Themenwelt &#8222;Farbe + Oberfl\u00e4che&#8220; an.<\/p><\/div><\/div>\n\t\t\t\t<\/div>\n\t\t\t\t<\/div>\n\t\t\t\t<div class=\"elementor-element elementor-element-7bedd08 elementor-align-center elementor-mobile-align-center elementor-invisible elementor-widget elementor-widget-button\" data-id=\"7bedd08\" data-element_type=\"widget\" data-settings=\"{&quot;_animation&quot;:&quot;fadeIn&quot;,&quot;_animation_delay&quot;:900}\" data-widget_type=\"button.default\">\n\t\t\t\t<div class=\"elementor-widget-container\">\n\t\t\t\t\t<div class=\"elementor-button-wrapper\">\n\t\t\t<a href=\"https:\/\/www.obuk.de\/performer\/performer.html\" target=\"_blank\" class=\"elementor-button-link elementor-button elementor-size-sm\" role=\"button\">\n\t\t\t\t\t\t<span class=\"elementor-button-content-wrapper\">\n\t\t\t\t\t\t<span class=\"elementor-button-text\">zum Konfigurator<\/span>\n\t\t<\/span>\n\t\t\t\t\t<\/a>\n\t\t<\/div>\n\t\t\t\t<\/div>\n\t\t\t\t<\/div>\n\t\t\t\t\t<\/div>\n\t\t<\/div>\n\t\t\t\t\t\t\t<\/div>\n\t\t<\/section>\n\t\t\t\t<section class=\"elementor-section elementor-top-section elementor-element elementor-element-5cf965d envato-kit-141-top-0 elementor-reverse-mobile elementor-section-boxed elementor-section-height-default elementor-section-height-default\" data-id=\"5cf965d\" data-element_type=\"section\" data-settings=\"{&quot;background_background&quot;:&quot;classic&quot;}\">\n\t\t\t\t\t\t\t<div class=\"elementor-background-overlay\"><\/div>\n\t\t\t\t\t\t\t<div class=\"elementor-container elementor-column-gap-wider\">\n\t\t\t\t\t<div class=\"elementor-column elementor-col-33 elementor-top-column elementor-element elementor-element-96d64d5 elementor-invisible\" data-id=\"96d64d5\" data-element_type=\"column\" data-settings=\"{&quot;animation&quot;:&quot;fadeIn&quot;,&quot;animation_delay&quot;:100}\">\n\t\t\t<div class=\"elementor-widget-wrap elementor-element-populated\">\n\t\t\t\t\t\t\t\t<div class=\"elementor-element elementor-element-5237093 elementor-widget elementor-widget-heading\" data-id=\"5237093\" data-element_type=\"widget\" data-widget_type=\"heading.default\">\n\t\t\t\t<div class=\"elementor-widget-container\">\n\t\t\t<h2 class=\"elementor-heading-title elementor-size-default\">Address List<\/h2>\t\t<\/div>\n\t\t\t\t<\/div>\n\t\t\t\t<div class=\"elementor-element elementor-element-66049b4 elementor-align-left elementor-icon-list--layout-traditional elementor-list-item-link-full_width elementor-widget elementor-widget-icon-list\" data-id=\"66049b4\" data-element_type=\"widget\" data-widget_type=\"icon-list.default\">\n\t\t\t\t<div class=\"elementor-widget-container\">\n\t\t\t\t\t<ul class=\"elementor-icon-list-items\">\n\t\t\t\t\t\t\t<li class=\"elementor-icon-list-item\">\n\t\t\t\t\t\t\t\t\t\t\t<span class=\"elementor-icon-list-icon\">\n\t\t\t\t\t\t\t<i aria-hidden=\"true\" class=\"fas fa-map-marker-alt\"><\/i>\t\t\t\t\t\t<\/span>\n\t\t\t\t\t\t\t\t\t\t<span class=\"elementor-icon-list-text\">Sauerbruchstr. 16 50181 Bedburg<\/span>\n\t\t\t\t\t\t\t\t\t<\/li>\n\t\t\t\t\t\t\t\t<li class=\"elementor-icon-list-item\">\n\t\t\t\t\t\t\t\t\t\t\t<span class=\"elementor-icon-list-icon\">\n\t\t\t\t\t\t\t<i aria-hidden=\"true\" class=\"fas fa-phone\"><\/i>\t\t\t\t\t\t<\/span>\n\t\t\t\t\t\t\t\t\t\t<span class=\"elementor-icon-list-text\">02272 \u2013 3907<\/span>\n\t\t\t\t\t\t\t\t\t<\/li>\n\t\t\t\t\t\t\t\t<li class=\"elementor-icon-list-item\">\n\t\t\t\t\t\t\t\t\t\t\t<span class=\"elementor-icon-list-icon\">\n\t\t\t\t\t\t\t<i aria-hidden=\"true\" class=\"fas fa-fax\"><\/i>\t\t\t\t\t\t<\/span>\n\t\t\t\t\t\t\t\t\t\t<span class=\"elementor-icon-list-text\">02272 \u2013 903872<\/span>\n\t\t\t\t\t\t\t\t\t<\/li>\n\t\t\t\t\t\t\t\t<li class=\"elementor-icon-list-item\">\n\t\t\t\t\t\t\t\t\t\t\t<span class=\"elementor-icon-list-icon\">\n\t\t\t\t\t\t\t<i aria-hidden=\"true\" class=\"far fa-envelope-open\"><\/i>\t\t\t\t\t\t<\/span>\n\t\t\t\t\t\t\t\t\t\t<span class=\"elementor-icon-list-text\">bauelemente-esser@t-online.de<\/span>\n\t\t\t\t\t\t\t\t\t<\/li>\n\t\t\t\t\t\t<\/ul>\n\t\t\t\t<\/div>\n\t\t\t\t<\/div>\n\t\t\t\t\t<\/div>\n\t\t<\/div>\n\t\t\t\t<div class=\"elementor-column elementor-col-33 elementor-top-column elementor-element elementor-element-eb007fb elementor-invisible\" data-id=\"eb007fb\" data-element_type=\"column\" data-settings=\"{&quot;background_background&quot;:&quot;classic&quot;,&quot;animation&quot;:&quot;fadeIn&quot;,&quot;animation_delay&quot;:300}\">\n\t\t\t<div class=\"elementor-widget-wrap elementor-element-populated\">\n\t\t\t\t\t\t\t\t<div class=\"elementor-element elementor-element-74d0f7f elementor-widget elementor-widget-heading\" data-id=\"74d0f7f\" data-element_type=\"widget\" data-widget_type=\"heading.default\">\n\t\t\t\t<div class=\"elementor-widget-container\">\n\t\t\t<h2 class=\"elementor-heading-title elementor-size-default\">Links List<\/h2>\t\t<\/div>\n\t\t\t\t<\/div>\n\t\t\t\t<div class=\"elementor-element elementor-element-1214951 elementor-icon-list--layout-traditional elementor-list-item-link-full_width elementor-widget elementor-widget-icon-list\" data-id=\"1214951\" data-element_type=\"widget\" data-widget_type=\"icon-list.default\">\n\t\t\t\t<div class=\"elementor-widget-container\">\n\t\t\t\t\t<ul class=\"elementor-icon-list-items\">\n\t\t\t\t\t\t\t<li class=\"elementor-icon-list-item\">\n\t\t\t\t\t<a href=\"?page_id=11#\">\t\t\t\t\t\t<span class=\"elementor-icon-list-icon\">\n\t\t\t\t\t\t\t<i aria-hidden=\"true\" class=\"fas fa-home\"><\/i>\t\t\t\t\t\t<\/span>\n\t\t\t\t\t\t\t\t\t\t<span class=\"elementor-icon-list-text\">Startseite<\/span>\n\t\t\t\t\t\t\t\t\t\t\t<\/a>\n\t\t\t\t\t\t\t\t\t<\/li>\n\t\t\t\t\t\t\t\t<li class=\"elementor-icon-list-item\">\n\t\t\t\t\t<a href=\"?page_id=122#\">\t\t\t\t\t\t<span class=\"elementor-icon-list-icon\">\n\t\t\t\t\t\t\t<i aria-hidden=\"true\" class=\"far fa-window-maximize\"><\/i>\t\t\t\t\t\t<\/span>\n\t\t\t\t\t\t\t\t\t\t<span class=\"elementor-icon-list-text\">Fenster<\/span>\n\t\t\t\t\t\t\t\t\t\t\t<\/a>\n\t\t\t\t\t\t\t\t\t<\/li>\n\t\t\t\t\t\t\t\t<li class=\"elementor-icon-list-item\">\n\t\t\t\t\t<a href=\"?page_id=120#\">\t\t\t\t\t\t<span class=\"elementor-icon-list-icon\">\n\t\t\t\t\t\t\t<i aria-hidden=\"true\" class=\"fas fa-door-open\"><\/i>\t\t\t\t\t\t<\/span>\n\t\t\t\t\t\t\t\t\t\t<span class=\"elementor-icon-list-text\">Haust\u00fcren<\/span>\n\t\t\t\t\t\t\t\t\t\t\t<\/a>\n\t\t\t\t\t\t\t\t\t<\/li>\n\t\t\t\t\t\t\t\t<li class=\"elementor-icon-list-item\">\n\t\t\t\t\t<a href=\"?page_id=19#\">\t\t\t\t\t\t<span class=\"elementor-icon-list-icon\">\n\t\t\t\t\t\t\t<i aria-hidden=\"true\" class=\"fab fa-servicestack\"><\/i>\t\t\t\t\t\t<\/span>\n\t\t\t\t\t\t\t\t\t\t<span class=\"elementor-icon-list-text\">Service<\/span>\n\t\t\t\t\t\t\t\t\t\t\t<\/a>\n\t\t\t\t\t\t\t\t\t<\/li>\n\t\t\t\t\t\t\t\t<li class=\"elementor-icon-list-item\">\n\t\t\t\t\t<a href=\"?page_id=14#\">\t\t\t\t\t\t<span class=\"elementor-icon-list-icon\">\n\t\t\t\t\t\t\t<i aria-hidden=\"true\" class=\"fas fa-mail-bulk\"><\/i>\t\t\t\t\t\t<\/span>\n\t\t\t\t\t\t\t\t\t\t<span class=\"elementor-icon-list-text\">Kontakt<\/span>\n\t\t\t\t\t\t\t\t\t\t\t<\/a>\n\t\t\t\t\t\t\t\t\t<\/li>\n\t\t\t\t\t\t\t\t<li class=\"elementor-icon-list-item\">\n\t\t\t\t\t<a href=\"?page_id=17#\">\t\t\t\t\t\t<span class=\"elementor-icon-list-icon\">\n\t\t\t\t\t\t\t<i aria-hidden=\"true\" class=\"fas fa-book-open\"><\/i>\t\t\t\t\t\t<\/span>\n\t\t\t\t\t\t\t\t\t\t<span class=\"elementor-icon-list-text\">\u00dcber uns<\/span>\n\t\t\t\t\t\t\t\t\t\t\t<\/a>\n\t\t\t\t\t\t\t\t\t<\/li>\n\t\t\t\t\t\t<\/ul>\n\t\t\t\t<\/div>\n\t\t\t\t<\/div>\n\t\t\t\t\t<\/div>\n\t\t<\/div>\n\t\t\t\t<div class=\"elementor-column elementor-col-33 elementor-top-column elementor-element elementor-element-a845279 elementor-invisible\" data-id=\"a845279\" data-element_type=\"column\" data-settings=\"{&quot;background_background&quot;:&quot;classic&quot;,&quot;animation&quot;:&quot;pulse&quot;,&quot;animation_delay&quot;:400}\">\n\t\t\t<div class=\"elementor-widget-wrap elementor-element-populated\">\n\t\t\t\t\t\t\t\t<div class=\"elementor-element elementor-element-d4604ed elementor-widget elementor-widget-heading\" data-id=\"d4604ed\" data-element_type=\"widget\" data-widget_type=\"heading.default\">\n\t\t\t\t<div class=\"elementor-widget-container\">\n\t\t\t<h2 class=\"elementor-heading-title elementor-size-default\">Fensterbau Esser<\/h2>\t\t<\/div>\n\t\t\t\t<\/div>\n\t\t\t\t<div class=\"elementor-element elementor-element-5d0bd04 elementor-invisible elementor-widget elementor-widget-text-editor\" data-id=\"5d0bd04\" data-element_type=\"widget\" data-settings=\"{&quot;_animation&quot;:&quot;fadeIn&quot;,&quot;_animation_delay&quot;:250}\" data-widget_type=\"text-editor.default\">\n\t\t\t\t<div class=\"elementor-widget-container\">\n\t\t\t\t\t<div class=\"elementor-text-editor elementor-clearfix\"><p>Wir verschaffen Durchblick<\/p><\/div>\n\t\t\t\t<\/div>\n\t\t\t\t<\/div>\n\t\t\t\t\t<\/div>\n\t\t<\/div>\n\t\t\t\t\t\t\t<\/div>\n\t\t<\/section>\n\t\t\t\t\t\t<\/div>\n\t\t\t\t\t<\/div>\n\t\t","protected":false},"excerpt":{"rendered":"<p>Haust\u00fcren Konfigurator Stellen Sie sich selber Ihre eigene Haust\u00fcr zusammen. W\u00e4hlen Sie die Komponenten, die f\u00fcr Sie interessant sind und entdecken Sie die vielen M\u00f6glichkeiten des Haust\u00fcren Konfigurators.Oberfl\u00e4chen und Farbm\u00f6glichkeiten gem\u00e4\u00df unserem Lieferprogramm.Schauen Sie sich dazu unsere Themenwelt &#8222;Farbe + Oberfl\u00e4che&#8220; an. zum Konfigurator Address List Sauerbruchstr. 16 50181 Bedburg 02272 \u2013 3907 02272 \u2013 [&hellip;]<\/p>\n","protected":false},"author":1,"featured_media":0,"parent":0,"menu_order":0,"comment_status":"closed","ping_status":"closed","template":"","meta":{"footnotes":""},"class_list":["post-892","page","type-page","status-publish","hentry","entry"],"yoast_head":"<!-- This site is optimized with the Yoast SEO plugin v16.1.1 - https:\/\/yoast.com\/wordpress\/plugins\/seo\/ -->\n<title>Haust\u00fcrenkonfigurator - Fensterbau Esser<\/title>\n<link rel=\"canonical\" href=\"http:\/\/www.fensterbau-esser.de\/?page_id=892\" \/>\n<meta property=\"og:locale\" content=\"de_DE\" \/>\n<meta property=\"og:type\" content=\"article\" \/>\n<meta property=\"og:title\" content=\"Haust\u00fcrenkonfigurator - Fensterbau Esser\" \/>\n<meta property=\"og:description\" content=\"Haust\u00fcren Konfigurator Stellen Sie sich selber Ihre eigene Haust\u00fcr zusammen. W\u00e4hlen Sie die Komponenten, die f\u00fcr Sie interessant sind und entdecken Sie die vielen M\u00f6glichkeiten des Haust\u00fcren Konfigurators.Oberfl\u00e4chen und Farbm\u00f6glichkeiten gem\u00e4\u00df unserem Lieferprogramm.Schauen Sie sich dazu unsere Themenwelt &#8222;Farbe + Oberfl\u00e4che&#8220; an. zum Konfigurator Address List Sauerbruchstr. 16 50181 Bedburg 02272 \u2013 3907 02272 \u2013 [&hellip;]\" \/>\n<meta property=\"og:url\" content=\"http:\/\/www.fensterbau-esser.de\/?page_id=892\" \/>\n<meta property=\"og:site_name\" content=\"Fensterbau Esser\" \/>\n<meta property=\"article:modified_time\" content=\"2021-03-15T18:34:56+00:00\" \/>\n<meta property=\"og:image\" content=\"http:\/\/www.fensterbau-esser.de\/wp-content\/uploads\/2021\/03\/haustuerenkonfigurator-button.jpg\" \/>\n<meta name=\"twitter:card\" content=\"summary_large_image\" \/>\n<meta name=\"twitter:label1\" content=\"Gesch\u00e4tzte Lesezeit\">\n\t<meta name=\"twitter:data1\" content=\"1\u00a0Minute\">\n<script type=\"application\/ld+json\" class=\"yoast-schema-graph\">{\"@context\":\"https:\/\/schema.org\",\"@graph\":[{\"@type\":\"WebSite\",\"@id\":\"http:\/\/www.fensterbau-esser.de\/#website\",\"url\":\"http:\/\/www.fensterbau-esser.de\/\",\"name\":\"Fensterbau Esser\",\"description\":\"Wir verschaffen Durchblick\",\"potentialAction\":[{\"@type\":\"SearchAction\",\"target\":\"http:\/\/www.fensterbau-esser.de\/?s={search_term_string}\",\"query-input\":\"required name=search_term_string\"}],\"inLanguage\":\"de\"},{\"@type\":\"ImageObject\",\"@id\":\"http:\/\/www.fensterbau-esser.de\/?page_id=892#primaryimage\",\"inLanguage\":\"de\",\"url\":\"http:\/\/www.fensterbau-esser.de\/wp-content\/uploads\/2021\/03\/haustuerenkonfigurator-button.jpg\",\"contentUrl\":\"http:\/\/www.fensterbau-esser.de\/wp-content\/uploads\/2021\/03\/haustuerenkonfigurator-button.jpg\",\"width\":540,\"height\":210},{\"@type\":\"WebPage\",\"@id\":\"http:\/\/www.fensterbau-esser.de\/?page_id=892#webpage\",\"url\":\"http:\/\/www.fensterbau-esser.de\/?page_id=892\",\"name\":\"Haust\\u00fcrenkonfigurator - Fensterbau Esser\",\"isPartOf\":{\"@id\":\"http:\/\/www.fensterbau-esser.de\/#website\"},\"primaryImageOfPage\":{\"@id\":\"http:\/\/www.fensterbau-esser.de\/?page_id=892#primaryimage\"},\"datePublished\":\"2021-03-14T14:16:32+00:00\",\"dateModified\":\"2021-03-15T18:34:56+00:00\",\"breadcrumb\":{\"@id\":\"http:\/\/www.fensterbau-esser.de\/?page_id=892#breadcrumb\"},\"inLanguage\":\"de\",\"potentialAction\":[{\"@type\":\"ReadAction\",\"target\":[\"http:\/\/www.fensterbau-esser.de\/?page_id=892\"]}]},{\"@type\":\"BreadcrumbList\",\"@id\":\"http:\/\/www.fensterbau-esser.de\/?page_id=892#breadcrumb\",\"itemListElement\":[{\"@type\":\"ListItem\",\"position\":1,\"item\":{\"@type\":\"WebPage\",\"@id\":\"http:\/\/www.fensterbau-esser.de\/\",\"url\":\"http:\/\/www.fensterbau-esser.de\/\",\"name\":\"Startseite\"}},{\"@type\":\"ListItem\",\"position\":2,\"item\":{\"@type\":\"WebPage\",\"@id\":\"http:\/\/www.fensterbau-esser.de\/?page_id=892\",\"url\":\"http:\/\/www.fensterbau-esser.de\/?page_id=892\",\"name\":\"Haust\\u00fcrenkonfigurator\"}}]}]}<\/script>\n<!-- \/ Yoast SEO plugin. -->","_links":{"self":[{"href":"http:\/\/www.fensterbau-esser.de\/index.php?rest_route=\/wp\/v2\/pages\/892","targetHints":{"allow":["GET"]}}],"collection":[{"href":"http:\/\/www.fensterbau-esser.de\/index.php?rest_route=\/wp\/v2\/pages"}],"about":[{"href":"http:\/\/www.fensterbau-esser.de\/index.php?rest_route=\/wp\/v2\/types\/page"}],"author":[{"embeddable":true,"href":"http:\/\/www.fensterbau-esser.de\/index.php?rest_route=\/wp\/v2\/users\/1"}],"replies":[{"embeddable":true,"href":"http:\/\/www.fensterbau-esser.de\/index.php?rest_route=%2Fwp%2Fv2%2Fcomments&post=892"}],"version-history":[{"count":10,"href":"http:\/\/www.fensterbau-esser.de\/index.php?rest_route=\/wp\/v2\/pages\/892\/revisions"}],"predecessor-version":[{"id":1200,"href":"http:\/\/www.fensterbau-esser.de\/index.php?rest_route=\/wp\/v2\/pages\/892\/revisions\/1200"}],"wp:attachment":[{"href":"http:\/\/www.fensterbau-esser.de\/index.php?rest_route=%2Fwp%2Fv2%2Fmedia&parent=892"}],"curies":[{"name":"wp","href":"https:\/\/api.w.org\/{rel}","templated":true}]}}